{"id":133,"date":"2021-05-13T21:15:21","date_gmt":"2021-05-13T21:15:21","guid":{"rendered":"http:\/\/mucholibre.local\/?page_id=133"},"modified":"2023-11-07T08:07:48","modified_gmt":"2023-11-07T08:07:48","slug":"landing","status":"publish","type":"page","link":"https:\/\/mucholibre.com\/en\/","title":{"rendered":"Landing"},"content":{"rendered":"<p><\/p>\n\n\n\n<div class=\"row\">\n<div class=\"col col-lg-4 col-12 mb-5\">\n<div class=\"card\">\n         <img decoding=\"async\" class=\"card-img\" src=\"\/wp-content\/uploads\/2021\/05\/ZOA6429_taco_white_mood_v1-scaled.jpg\" alt=\"\">\n        <div class=\"card-img-overlay text-white d-flex flex-column justify-content-end align-items-start\">\n<span class=\"badge badge-dark\">FOOD &amp; DRINK<\/span>\n <h1 class=\"card-title\"><a href=\"https:\/\/mucholibre.com\/en\/etelital\/\">Fresh taco perfect pick of the Very Free<\/a><\/h1>\n \n        <\/div>\n      <\/div>\n<\/div>\n\n\n\n<div class=\"col col-lg-4 col-12 mb-5\">\n<div class=\"card\">\n         <img decoding=\"async\" class=\"card-img\" src=\"\/wp-content\/uploads\/2021\/05\/P1000798_mexico_oaxaca_mood_v1-scaled.jpg\" alt=\"\">\n        <div class=\"card-img-overlay text-white d-flex flex-column justify-content-end align-items-start\">\n<span class=\"badge badge-dark\">EVENTs &amp; ADVENTURES<\/span>\n <h1 class=\"card-title\"><a href=\"https:\/\/mucholibre.com\/en\/esemenyek\/\">Program Guide for the Very Free<\/a><\/h1>\n        <\/div>\n      <\/div>\n<\/div>\n\n\n\n<div class=\"col col-lg-4 col-12 mb-5\">\n<div class=\"card\">\n         <img decoding=\"async\" class=\"card-img\" src=\"\/wp-content\/uploads\/2021\/05\/IMG_20171230_143345_MEL_NGV_skull_mood_v2-scaled.jpg\" alt=\"\">\n        <div class=\"card-img-overlay text-white d-flex flex-column justify-content-end align-items-start\">\n<span class=\"badge badge-dark\">GALLERY<\/span>\n <h1 class=\"card-title\"><a href=\"https:\/\/mucholibre.com\/en\/galeria\/\">Pictures of the Very Free<\/a><\/h1>\n \n        <\/div>\n      <\/div>\n<\/div>\n<\/div>\n\n\n\n<div class=\"wp-block-group post-content mt-5\"><div class=\"wp-block-group__inner-container is-layout-flow wp-block-group-is-layout-flow\">\n<h1 class=\"wp-block-heading entry-title\">Mucho Libre - Very Free<\/h1>\n\n\n\n<p class=\"has-text-align-center\">Our first unit, which does not secretly want to diversify our vision, our view (taste) of the world. <br>A healthy quality street food experience that makes no difference in people. From here you leave with full of laughter <br>and smear, a delicious experience awaits you at the Fony\u00f3dliget site in the hope of returning.<\/p>\n<\/div><\/div>","protected":false},"excerpt":{"rendered":"<p>Mucho Libre \u2013 Nagyon Szabad Els\u0151 egys\u00e9g\u00fcnk, ami nem titkoltan v\u00e1ltozatosabb\u00e1 szeretn\u00e9 tenni l\u00e1t\u00e1sm\u00f3dunkat, kitekint\u00e9s\u00fcnket (\u00edz)vil\u00e1gunkra. Egy eg\u00e9szs\u00e9ges min\u0151s\u00e9gi maszatos street food \u00e9lm\u00e9ny, ami nem tesz k\u00fcl\u00f6nbs\u00e9get az emberek k\u00f6z\u00f6tt. A fony\u00f3dligeti helysz\u00ednen egy \u00edzletes \u00e9lm\u00e9ny v\u00e1r r\u00e1d a visszat\u00e9r\u00e9s rem\u00e9ny\u00e9ben!<\/p>","protected":false},"author":1,"featured_media":0,"parent":0,"menu_order":0,"comment_status":"closed","ping_status":"closed","template":"","meta":{"gtb_hide_title":false,"gtb_wrap_title":false,"gtb_class_title":"","gtb_remove_headerfooter":false,"ngg_post_thumbnail":0,"footnotes":""},"class_list":["post-133","page","type-page","status-publish","hentry"],"_links":{"self":[{"href":"https:\/\/mucholibre.com\/en\/wp-json\/wp\/v2\/pages\/133","targetHints":{"allow":["GET"]}}],"collection":[{"href":"https:\/\/mucholibre.com\/en\/wp-json\/wp\/v2\/pages"}],"about":[{"href":"https:\/\/mucholibre.com\/en\/wp-json\/wp\/v2\/types\/page"}],"author":[{"embeddable":true,"href":"https:\/\/mucholibre.com\/en\/wp-json\/wp\/v2\/users\/1"}],"replies":[{"embeddable":true,"href":"https:\/\/mucholibre.com\/en\/wp-json\/wp\/v2\/comments?post=133"}],"version-history":[{"count":30,"href":"https:\/\/mucholibre.com\/en\/wp-json\/wp\/v2\/pages\/133\/revisions"}],"predecessor-version":[{"id":456,"href":"https:\/\/mucholibre.com\/en\/wp-json\/wp\/v2\/pages\/133\/revisions\/456"}],"wp:attachment":[{"href":"https:\/\/mucholibre.com\/en\/wp-json\/wp\/v2\/media?parent=133"}],"curies":[{"name":"wp","href":"https:\/\/api.w.org\/{rel}","templated":true}]}}