{"id":19,"date":"2021-05-11T07:01:22","date_gmt":"2021-05-11T07:01:22","guid":{"rendered":"http:\/\/mucholibre.local\/?page_id=19"},"modified":"2021-05-25T15:25:51","modified_gmt":"2021-05-25T15:25:51","slug":"galeria","status":"publish","type":"page","link":"https:\/\/mucholibre.com\/en\/galeria\/","title":{"rendered":"Gallery"},"content":{"rendered":"<div class=\"wp-block-group mb-5\"><div class=\"wp-block-group__inner-container is-layout-flow wp-block-group-is-layout-flow\">\n<h2 class=\"wp-block-heading\">Fony\u00f3d Very Free<\/h2>\n\n\n\n<!-- default-view.php -->\n<div\n\tclass=\"ngg-galleryoverview default-view\"\n\tid=\"ngg-gallery-0000a0227a4d49c3618bbdb1204f3dd4-1\">\n\n\t\t<!-- Thumbnails -->\n\t\t\t\t<div id=\"ngg-image-0\" class=\"ngg-gallery-thumbnail-box\" >\n\t\t\t\t        <div class=\"ngg-gallery-thumbnail\">\n            <a href=\"https:\/\/mucholibre.com\/wp-content\/gallery\/fonyod-nagyon-szabadon\/IMG_0011-scaled.jpg\"\n               title=\"\"\n               data-src=\"https:\/\/mucholibre.com\/wp-content\/gallery\/fonyod-nagyon-szabadon\/IMG_0011-scaled.jpg\"\n               data-thumbnail=\"https:\/\/mucholibre.com\/wp-content\/gallery\/fonyod-nagyon-szabadon\/thumbs\/thumbs_IMG_0011-scaled.jpg\"\n               data-image-id=\"57\"\n               data-title=\"IMG_0011-scaled\"\n               data-description=\"\"\n               data-image-slug=\"img_0011-scaled\"\n               class=\"ngg-simplelightbox\" rel=\"0000a0227a4d49c3618bbdb1204f3dd4\">\n                <img\n                    title=\"IMG_0011-scaled\"\n                    alt=\"IMG_0011-scaled\"\n                    src=\"https:\/\/mucholibre.com\/wp-content\/gallery\/fonyod-nagyon-szabadon\/cache\/IMG_0011-scaled.jpg-nggid0257-ngg0dyn-240x240x100-00f0w010c011r110f110r010t010.jpg\"\n                    width=\"240\"\n                    height=\"240\"\n                    style=\"max-width:100%;\"\n                \/>\n            <\/a>\n        <\/div>\n\t\t\t\t\t\t\t<\/div> \n\t\t\t\n\t\t\t\t<div id=\"ngg-image-1\" class=\"ngg-gallery-thumbnail-box\" >\n\t\t\t\t        <div class=\"ngg-gallery-thumbnail\">\n            <a href=\"https:\/\/mucholibre.com\/wp-content\/gallery\/fonyod-nagyon-szabadon\/IMG_0035-scaled.jpg\"\n               title=\"\"\n               data-src=\"https:\/\/mucholibre.com\/wp-content\/gallery\/fonyod-nagyon-szabadon\/IMG_0035-scaled.jpg\"\n               data-thumbnail=\"https:\/\/mucholibre.com\/wp-content\/gallery\/fonyod-nagyon-szabadon\/thumbs\/thumbs_IMG_0035-scaled.jpg\"\n               data-image-id=\"58\"\n               data-title=\"IMG_0035-scaled\"\n               data-description=\"\"\n               data-image-slug=\"img_0035-scaled\"\n               class=\"ngg-simplelightbox\" rel=\"0000a0227a4d49c3618bbdb1204f3dd4\">\n                <img\n                    title=\"IMG_0035-scaled\"\n                    alt=\"IMG_0035-scaled\"\n                    src=\"https:\/\/mucholibre.com\/wp-content\/gallery\/fonyod-nagyon-szabadon\/cache\/IMG_0035-scaled.jpg-nggid0258-ngg0dyn-240x240x100-00f0w010c011r110f110r010t010.jpg\"\n                    width=\"240\"\n                    height=\"240\"\n                    style=\"max-width:100%;\"\n                \/>\n            <\/a>\n        <\/div>\n\t\t\t\t\t\t\t<\/div> \n\t\t\t\n\t\t\t\t<div id=\"ngg-image-2\" class=\"ngg-gallery-thumbnail-box\" >\n\t\t\t\t        <div class=\"ngg-gallery-thumbnail\">\n            <a href=\"https:\/\/mucholibre.com\/wp-content\/gallery\/fonyod-nagyon-szabadon\/IMG_0117-scaled.jpg\"\n               title=\"\"\n               data-src=\"https:\/\/mucholibre.com\/wp-content\/gallery\/fonyod-nagyon-szabadon\/IMG_0117-scaled.jpg\"\n               data-thumbnail=\"https:\/\/mucholibre.com\/wp-content\/gallery\/fonyod-nagyon-szabadon\/thumbs\/thumbs_IMG_0117-scaled.jpg\"\n               data-image-id=\"59\"\n               data-title=\"IMG_0117-scaled\"\n               data-description=\"\"\n               data-image-slug=\"img_0117-scaled\"\n               class=\"ngg-simplelightbox\" rel=\"0000a0227a4d49c3618bbdb1204f3dd4\">\n                <img\n                    title=\"IMG_0117-scaled\"\n                    alt=\"IMG_0117-scaled\"\n                    src=\"https:\/\/mucholibre.com\/wp-content\/gallery\/fonyod-nagyon-szabadon\/cache\/IMG_0117-scaled.jpg-nggid0259-ngg0dyn-240x240x100-00f0w010c011r110f110r010t010.jpg\"\n                    width=\"240\"\n                    height=\"240\"\n                    style=\"max-width:100%;\"\n                \/>\n            <\/a>\n        <\/div>\n\t\t\t\t\t\t\t<\/div> \n\t\t\t\n\t\n\t<br style=\"clear: both\" \/>\n\n\t\n\t\t<!-- Pagination -->\n\t<div class='ngg-clear'><\/div>\t<\/div>\n\n\n\n\n<a class=\"btn btn-primary\" href=\"https:\/\/mucholibre.com\/en\/fonyod-nagyon-szabadon\/\" role=\"button\">More<\/a>\n<\/div><\/div>\n\n\n\n<div class=\"wp-block-group mb-5\"><div class=\"wp-block-group__inner-container is-layout-flow wp-block-group-is-layout-flow\">\n<h2 class=\"wp-block-heading\">World of the Very Free<\/h2>\n\n\n\n<!-- default-view.php -->\n<div\n\tclass=\"ngg-galleryoverview default-view\"\n\tid=\"ngg-gallery-2a6a050f588ed5f4a2b58dfcccd97cab-1\">\n\n\t\t<!-- Thumbnails -->\n\t\t\t\t<div id=\"ngg-image-0\" class=\"ngg-gallery-thumbnail-box\" >\n\t\t\t\t        <div class=\"ngg-gallery-thumbnail\">\n            <a href=\"https:\/\/mucholibre.com\/wp-content\/gallery\/a-vilag-nagyon-szabadon\/IMG_20171215_160715_bondi_graffiti_mood_v1-scaled.jpg\"\n               title=\"\"\n               data-src=\"https:\/\/mucholibre.com\/wp-content\/gallery\/a-vilag-nagyon-szabadon\/IMG_20171215_160715_bondi_graffiti_mood_v1-scaled.jpg\"\n               data-thumbnail=\"https:\/\/mucholibre.com\/wp-content\/gallery\/a-vilag-nagyon-szabadon\/thumbs\/thumbs_IMG_20171215_160715_bondi_graffiti_mood_v1-scaled.jpg\"\n               data-image-id=\"51\"\n               data-title=\"oznor\"\n               data-description=\"\"\n               data-image-slug=\"img_20171215_160715_bondi_graffiti_mood_v1-scaled\"\n               class=\"ngg-simplelightbox\" rel=\"2a6a050f588ed5f4a2b58dfcccd97cab\">\n                <img\n                    title=\"oznor\"\n                    alt=\"oznor\"\n                    src=\"https:\/\/mucholibre.com\/wp-content\/gallery\/a-vilag-nagyon-szabadon\/cache\/IMG_20171215_160715_bondi_graffiti_mood_v1-scaled.jpg-nggid0251-ngg0dyn-240x240x100-00f0w010c011r110f110r010t010.jpg\"\n                    width=\"240\"\n                    height=\"240\"\n                    style=\"max-width:100%;\"\n                \/>\n            <\/a>\n        <\/div>\n\t\t\t\t\t\t\t<\/div> \n\t\t\t\n\t\t\t\t<div id=\"ngg-image-1\" class=\"ngg-gallery-thumbnail-box\" >\n\t\t\t\t        <div class=\"ngg-gallery-thumbnail\">\n            <a href=\"https:\/\/mucholibre.com\/wp-content\/gallery\/a-vilag-nagyon-szabadon\/IMG_20171230_144708_MEL_NGV_skull_mood_v3-scaled.jpg\"\n               title=\"\"\n               data-src=\"https:\/\/mucholibre.com\/wp-content\/gallery\/a-vilag-nagyon-szabadon\/IMG_20171230_144708_MEL_NGV_skull_mood_v3-scaled.jpg\"\n               data-thumbnail=\"https:\/\/mucholibre.com\/wp-content\/gallery\/a-vilag-nagyon-szabadon\/thumbs\/thumbs_IMG_20171230_144708_MEL_NGV_skull_mood_v3-scaled.jpg\"\n               data-image-id=\"52\"\n               data-title=\"cof\"\n               data-description=\"\"\n               data-image-slug=\"img_20171230_144708_mel_ngv_skull_mood_v3-scaled\"\n               class=\"ngg-simplelightbox\" rel=\"2a6a050f588ed5f4a2b58dfcccd97cab\">\n                <img\n                    title=\"cof\"\n                    alt=\"cof\"\n                    src=\"https:\/\/mucholibre.com\/wp-content\/gallery\/a-vilag-nagyon-szabadon\/cache\/IMG_20171230_144708_MEL_NGV_skull_mood_v3-scaled.jpg-nggid0252-ngg0dyn-240x240x100-00f0w010c011r110f110r010t010.jpg\"\n                    width=\"240\"\n                    height=\"240\"\n                    style=\"max-width:100%;\"\n                \/>\n            <\/a>\n        <\/div>\n\t\t\t\t\t\t\t<\/div> \n\t\t\t\n\t\t\t\t<div id=\"ngg-image-2\" class=\"ngg-gallery-thumbnail-box\" >\n\t\t\t\t        <div class=\"ngg-gallery-thumbnail\">\n            <a href=\"https:\/\/mucholibre.com\/wp-content\/gallery\/a-vilag-nagyon-szabadon\/p3074079_manila_strret_kids_v1-scaled.jpg\"\n               title=\"\"\n               data-src=\"https:\/\/mucholibre.com\/wp-content\/gallery\/a-vilag-nagyon-szabadon\/p3074079_manila_strret_kids_v1-scaled.jpg\"\n               data-thumbnail=\"https:\/\/mucholibre.com\/wp-content\/gallery\/a-vilag-nagyon-szabadon\/thumbs\/thumbs_p3074079_manila_strret_kids_v1-scaled.jpg\"\n               data-image-id=\"53\"\n               data-title=\"OLYMPUS DIGITAL CAMERA\"\n               data-description=\"\"\n               data-image-slug=\"p3074079_manila_strret_kids_v1-scaled\"\n               class=\"ngg-simplelightbox\" rel=\"2a6a050f588ed5f4a2b58dfcccd97cab\">\n                <img\n                    title=\"OLYMPUS DIGITAL CAMERA\"\n                    alt=\"OLYMPUS DIGITAL CAMERA\"\n                    src=\"https:\/\/mucholibre.com\/wp-content\/gallery\/a-vilag-nagyon-szabadon\/cache\/p3074079_manila_strret_kids_v1-scaled.jpg-nggid0253-ngg0dyn-240x240x100-00f0w010c011r110f110r010t010.jpg\"\n                    width=\"240\"\n                    height=\"240\"\n                    style=\"max-width:100%;\"\n                \/>\n            <\/a>\n        <\/div>\n\t\t\t\t\t\t\t<\/div> \n\t\t\t\n\t\n\t<br style=\"clear: both\" \/>\n\n\t\n\t\t<!-- Pagination -->\n\t<div class='ngg-clear'><\/div>\t<\/div>\n\n\n\n\n<a class=\"btn btn-primary\" href=\"https:\/\/mucholibre.com\/en\/a-vilag-nagyon-szabadon\/\" role=\"button\">More<\/a>\n<\/div><\/div>\n\n\n\n<div class=\"wp-block-group mb-5\"><div class=\"wp-block-group__inner-container is-layout-flow wp-block-group-is-layout-flow\">\n<h2 class=\"wp-block-heading\">Food of the Very Free<\/h2>\n\n\n\n<!-- default-view.php -->\n<div\n\tclass=\"ngg-galleryoverview default-view\"\n\tid=\"ngg-gallery-c4fcd2a056cda8f147b6eae36a2336d9-1\">\n\n\t\t<!-- Thumbnails -->\n\t\t\t\t<div id=\"ngg-image-0\" class=\"ngg-gallery-thumbnail-box\" >\n\t\t\t\t        <div class=\"ngg-gallery-thumbnail\">\n            <a href=\"https:\/\/mucholibre.com\/wp-content\/gallery\/food\/ZOA6325-scaled.jpg\"\n               title=\"\"\n               data-src=\"https:\/\/mucholibre.com\/wp-content\/gallery\/food\/ZOA6325-scaled.jpg\"\n               data-thumbnail=\"https:\/\/mucholibre.com\/wp-content\/gallery\/food\/thumbs\/thumbs_ZOA6325-scaled.jpg\"\n               data-image-id=\"38\"\n               data-title=\"ZOA6325-scaled\"\n               data-description=\"\"\n               data-image-slug=\"zoa6325-scaled\"\n               class=\"ngg-simplelightbox\" rel=\"c4fcd2a056cda8f147b6eae36a2336d9\">\n                <img\n                    title=\"ZOA6325-scaled\"\n                    alt=\"ZOA6325-scaled\"\n                    src=\"https:\/\/mucholibre.com\/wp-content\/gallery\/food\/cache\/ZOA6325-scaled.jpg-nggid0238-ngg0dyn-240x240x100-00f0w010c011r110f110r010t010.jpg\"\n                    width=\"240\"\n                    height=\"240\"\n                    style=\"max-width:100%;\"\n                \/>\n            <\/a>\n        <\/div>\n\t\t\t\t\t\t\t<\/div> \n\t\t\t\n\t\t\t\t<div id=\"ngg-image-1\" class=\"ngg-gallery-thumbnail-box\" >\n\t\t\t\t        <div class=\"ngg-gallery-thumbnail\">\n            <a href=\"https:\/\/mucholibre.com\/wp-content\/gallery\/food\/ZOA6540-scaled.jpg\"\n               title=\"\"\n               data-src=\"https:\/\/mucholibre.com\/wp-content\/gallery\/food\/ZOA6540-scaled.jpg\"\n               data-thumbnail=\"https:\/\/mucholibre.com\/wp-content\/gallery\/food\/thumbs\/thumbs_ZOA6540-scaled.jpg\"\n               data-image-id=\"41\"\n               data-title=\"ZOA6540-scaled\"\n               data-description=\"\"\n               data-image-slug=\"zoa6540-scaled\"\n               class=\"ngg-simplelightbox\" rel=\"c4fcd2a056cda8f147b6eae36a2336d9\">\n                <img\n                    title=\"ZOA6540-scaled\"\n                    alt=\"ZOA6540-scaled\"\n                    src=\"https:\/\/mucholibre.com\/wp-content\/gallery\/food\/cache\/ZOA6540-scaled.jpg-nggid0241-ngg0dyn-240x240x100-00f0w010c011r110f110r010t010.jpg\"\n                    width=\"240\"\n                    height=\"240\"\n                    style=\"max-width:100%;\"\n                \/>\n            <\/a>\n        <\/div>\n\t\t\t\t\t\t\t<\/div> \n\t\t\t\n\t\t\t\t<div id=\"ngg-image-2\" class=\"ngg-gallery-thumbnail-box\" >\n\t\t\t\t        <div class=\"ngg-gallery-thumbnail\">\n            <a href=\"https:\/\/mucholibre.com\/wp-content\/gallery\/food\/MUCHOLIBRE1020-scaled.jpg\"\n               title=\"\"\n               data-src=\"https:\/\/mucholibre.com\/wp-content\/gallery\/food\/MUCHOLIBRE1020-scaled.jpg\"\n               data-thumbnail=\"https:\/\/mucholibre.com\/wp-content\/gallery\/food\/thumbs\/thumbs_MUCHOLIBRE1020-scaled.jpg\"\n               data-image-id=\"49\"\n               data-title=\"MUCHOLIBRE1020-scaled\"\n               data-description=\"\"\n               data-image-slug=\"mucholibre1020-scaled\"\n               class=\"ngg-simplelightbox\" rel=\"c4fcd2a056cda8f147b6eae36a2336d9\">\n                <img\n                    title=\"MUCHOLIBRE1020-scaled\"\n                    alt=\"MUCHOLIBRE1020-scaled\"\n                    src=\"https:\/\/mucholibre.com\/wp-content\/gallery\/food\/cache\/MUCHOLIBRE1020-scaled.jpg-nggid0249-ngg0dyn-240x240x100-00f0w010c011r110f110r010t010.jpg\"\n                    width=\"240\"\n                    height=\"240\"\n                    style=\"max-width:100%;\"\n                \/>\n            <\/a>\n        <\/div>\n\t\t\t\t\t\t\t<\/div> \n\t\t\t\n\t\n\t<br style=\"clear: both\" \/>\n\n\t\n\t\t<!-- Pagination -->\n\t<div class='ngg-clear'><\/div>\t<\/div>\n\n\n\n\n<a class=\"btn btn-primary text-center\" href=\"https:\/\/mucholibre.com\/en\/etelek-nagyon-szabadon\/\" role=\"button\">More<\/a>\n<\/div><\/div>","protected":false},"excerpt":{"rendered":"<p>Fony\u00f3d Nagyon Szabadon A Vil\u00e1g Nagyon Szabadon \u00c9telek Nagyon Szabadon<\/p>","protected":false},"author":1,"featured_media":0,"parent":0,"menu_order":0,"comment_status":"closed","ping_status":"closed","template":"","meta":{"gtb_hide_title":false,"gtb_wrap_title":false,"gtb_class_title":"","gtb_remove_headerfooter":false,"ngg_post_thumbnail":0,"footnotes":""},"class_list":["post-19","page","type-page","status-publish","hentry"],"_links":{"self":[{"href":"https:\/\/mucholibre.com\/en\/wp-json\/wp\/v2\/pages\/19","targetHints":{"allow":["GET"]}}],"collection":[{"href":"https:\/\/mucholibre.com\/en\/wp-json\/wp\/v2\/pages"}],"about":[{"href":"https:\/\/mucholibre.com\/en\/wp-json\/wp\/v2\/types\/page"}],"author":[{"embeddable":true,"href":"https:\/\/mucholibre.com\/en\/wp-json\/wp\/v2\/users\/1"}],"replies":[{"embeddable":true,"href":"https:\/\/mucholibre.com\/en\/wp-json\/wp\/v2\/comments?post=19"}],"version-history":[{"count":9,"href":"https:\/\/mucholibre.com\/en\/wp-json\/wp\/v2\/pages\/19\/revisions"}],"predecessor-version":[{"id":316,"href":"https:\/\/mucholibre.com\/en\/wp-json\/wp\/v2\/pages\/19\/revisions\/316"}],"wp:attachment":[{"href":"https:\/\/mucholibre.com\/en\/wp-json\/wp\/v2\/media?parent=19"}],"curies":[{"name":"wp","href":"https:\/\/api.w.org\/{rel}","templated":true}]}}