{"id":389,"date":"2021-06-24T08:59:38","date_gmt":"2021-06-24T08:59:38","guid":{"rendered":"http:\/\/mucholibre.com\/?page_id=389"},"modified":"2021-09-28T08:06:56","modified_gmt":"2021-09-28T08:06:56","slug":"nagyon-szabad-arukeszlet","status":"publish","type":"page","link":"https:\/\/mucholibre.com\/en\/nagyon-szabad-arukeszlet\/","title":{"rendered":"Merchandise"},"content":{"rendered":"<div class=\"row\">\n<div class=\"col square col-12 col-xl-6\">\n<!-- default-view.php -->\n<div\n\tclass=\"ngg-galleryoverview default-view\"\n\tid=\"ngg-gallery-3473395bf48e30a95249ab17398f92cb-1\">\n\n\t\t<!-- Thumbnails -->\n\t\t\t\t<div id=\"ngg-image-0\" class=\"ngg-gallery-thumbnail-box\" >\n\t\t\t\t        <div class=\"ngg-gallery-thumbnail\">\n            <a href=\"https:\/\/mucholibre.com\/wp-content\/gallery\/nagyon-szabad-arukeszlet-polok\/merch_and_tshirt_v1_11082021.jpeg\"\n               title=\"\"\n               data-src=\"https:\/\/mucholibre.com\/wp-content\/gallery\/nagyon-szabad-arukeszlet-polok\/merch_and_tshirt_v1_11082021.jpeg\"\n               data-thumbnail=\"https:\/\/mucholibre.com\/wp-content\/gallery\/nagyon-szabad-arukeszlet-polok\/thumbs\/thumbs_merch_and_tshirt_v1_11082021.jpeg\"\n               data-image-id=\"68\"\n               data-title=\"merch_and_tshirt_v1_11082021\"\n               data-description=\"\"\n               data-image-slug=\"merch_and_tshirt_v1_11082021\"\n               class=\"ngg-simplelightbox\" rel=\"3473395bf48e30a95249ab17398f92cb\">\n                <img\n                    title=\"merch_and_tshirt_v1_11082021\"\n                    alt=\"merch_and_tshirt_v1_11082021\"\n                    src=\"https:\/\/mucholibre.com\/wp-content\/gallery\/nagyon-szabad-arukeszlet-polok\/cache\/merch_and_tshirt_v1_11082021.jpeg-nggid0268-ngg0dyn-416x416x100-00f0w010c011r110f110r010t010.jpeg\"\n                    width=\"416\"\n                    height=\"416\"\n                    style=\"max-width:100%;\"\n                \/>\n            <\/a>\n        <\/div>\n\t\t\t\t\t\t\t<\/div> \n\t\t\t\n\t\n\t<br style=\"clear: both\" \/>\n\n\t\n\t\t<!-- Pagination -->\n\t<div class='ngg-clear'><\/div>\t<\/div>\n\n<\/div>\n\n\n\n<div class=\"col square col-12 col-xl-6\">\n<div class=\"wp-block-group content\"><div class=\"wp-block-group__inner-container is-layout-flow wp-block-group-is-layout-flow\">\n<h2 class=\"wp-block-heading\">T-Shirt Mucho Libre<\/h2>\n\n\n\n<p class=\" translation-block\">If you are interested in having one please send your enquiry to <a href=\"mailto:Mucholibre01@gmail.com\" target=\"_self\">Mucholibre01@gmail.com<\/a><\/p>\n\n\n\n<p>Size: S, M, L, XL<\/p>\n\n\n\n<p class=\"has-medium-font-size\"><span style=\"color:#eb2727\" class=\"has-inline-color\"><strong>2700 Ft<\/strong><\/span><\/p>\n\n\n\n<a class=\"btn btn-primary\" href=\"https:\/\/mucholibre.com\/en\/rendeles\/\" role=\"button\">message<\/a>\n<\/div><\/div>\n<\/div>\n<\/div>\n\n\n\n<div class=\"row\">\n<div class=\"col square col-12 col-xl-6\">\n<div class=\"wp-block-group content\"><div class=\"wp-block-group__inner-container is-layout-flow wp-block-group-is-layout-flow\">\n<h2 class=\"wp-block-heading\">Poster<\/h2>\n\n\n\n<p>Essential Truth: Life does not stop and start at your convenience...! Worth hanging out one to a place to bump into if you do not feel yourself Very Free.<br>Print size: 50x70cm<br>Ha \u00e9rdekel \u00e9s szeretn\u00e9l bel\u0151le \u00edrj a <a href=\"mailto:Mucholibre01@gmail.com\">Mucholibre01@gmail.com<\/a> c\u00edm\u00fcnkre<\/p>\n\n\n\n<p class=\"has-medium-font-size\"><strong><span style=\"color:#eb2727\" class=\"has-inline-color\">2900 Ft<\/span><\/strong><\/p>\n\n\n\n<a class=\"btn btn-primary\" href=\"https:\/\/mucholibre.com\/en\/rendeles\/\" role=\"button\">message<\/a>\n<\/div><\/div>\n\n\n\n<p><\/p>\n<\/div>\n\n\n\n<div class=\"col square col-12 col-xl-6\">\n<!-- default-view.php -->\n<div\n\tclass=\"ngg-galleryoverview default-view\"\n\tid=\"ngg-gallery-d30fc8d7c11f8c2f41a48abc4bf64cd2-1\">\n\n\t\t<!-- Thumbnails -->\n\t\t\t\t<div id=\"ngg-image-0\" class=\"ngg-gallery-thumbnail-box\" >\n\t\t\t\t        <div class=\"ngg-gallery-thumbnail\">\n            <a href=\"https:\/\/mucholibre.com\/wp-content\/gallery\/nagyon-szabad-arukeszlet-poszter\/plakat_lebowski_2.jpg\"\n               title=\"\"\n               data-src=\"https:\/\/mucholibre.com\/wp-content\/gallery\/nagyon-szabad-arukeszlet-poszter\/plakat_lebowski_2.jpg\"\n               data-thumbnail=\"https:\/\/mucholibre.com\/wp-content\/gallery\/nagyon-szabad-arukeszlet-poszter\/thumbs\/thumbs_plakat_lebowski_2.jpg\"\n               data-image-id=\"62\"\n               data-title=\"plakat_lebowski_2\"\n               data-description=\"\"\n               data-image-slug=\"plakat_lebowski_2\"\n               class=\"ngg-simplelightbox\" rel=\"d30fc8d7c11f8c2f41a48abc4bf64cd2\">\n                <img\n                    title=\"plakat_lebowski_2\"\n                    alt=\"plakat_lebowski_2\"\n                    src=\"https:\/\/mucholibre.com\/wp-content\/gallery\/nagyon-szabad-arukeszlet-poszter\/cache\/plakat_lebowski_2.jpg-nggid0262-ngg0dyn-416x416x100-00f0w010c011r110f110r010t010.jpg\"\n                    width=\"416\"\n                    height=\"416\"\n                    style=\"max-width:100%;\"\n                \/>\n            <\/a>\n        <\/div>\n\t\t\t\t\t\t\t<\/div> \n\t\t\t\n\t\t\t\t<div id=\"ngg-image-1\" class=\"ngg-gallery-thumbnail-box\" >\n\t\t\t\t        <div class=\"ngg-gallery-thumbnail\">\n            <a href=\"https:\/\/mucholibre.com\/wp-content\/gallery\/nagyon-szabad-arukeszlet-poszter\/plakat_lebowski_HU.jpg\"\n               title=\"\"\n               data-src=\"https:\/\/mucholibre.com\/wp-content\/gallery\/nagyon-szabad-arukeszlet-poszter\/plakat_lebowski_HU.jpg\"\n               data-thumbnail=\"https:\/\/mucholibre.com\/wp-content\/gallery\/nagyon-szabad-arukeszlet-poszter\/thumbs\/thumbs_plakat_lebowski_HU.jpg\"\n               data-image-id=\"63\"\n               data-title=\"plakat_lebowski_HU\"\n               data-description=\"\"\n               data-image-slug=\"plakat_lebowski_hu\"\n               class=\"ngg-simplelightbox\" rel=\"d30fc8d7c11f8c2f41a48abc4bf64cd2\">\n                <img\n                    title=\"plakat_lebowski_HU\"\n                    alt=\"plakat_lebowski_HU\"\n                    src=\"https:\/\/mucholibre.com\/wp-content\/gallery\/nagyon-szabad-arukeszlet-poszter\/cache\/plakat_lebowski_HU.jpg-nggid0263-ngg0dyn-416x416x100-00f0w010c011r110f110r010t010.jpg\"\n                    width=\"416\"\n                    height=\"416\"\n                    style=\"max-width:100%;\"\n                \/>\n            <\/a>\n        <\/div>\n\t\t\t\t\t\t\t<\/div> \n\t\t\t\n\t\t\t\t<div id=\"ngg-image-2\" class=\"ngg-gallery-thumbnail-box\" >\n\t\t\t\t        <div class=\"ngg-gallery-thumbnail\">\n            <a href=\"https:\/\/mucholibre.com\/wp-content\/gallery\/nagyon-szabad-arukeszlet-poszter\/plakat_lebowski_EN.jpg\"\n               title=\"\"\n               data-src=\"https:\/\/mucholibre.com\/wp-content\/gallery\/nagyon-szabad-arukeszlet-poszter\/plakat_lebowski_EN.jpg\"\n               data-thumbnail=\"https:\/\/mucholibre.com\/wp-content\/gallery\/nagyon-szabad-arukeszlet-poszter\/thumbs\/thumbs_plakat_lebowski_EN.jpg\"\n               data-image-id=\"64\"\n               data-title=\"plakat_lebowski_EN\"\n               data-description=\"\"\n               data-image-slug=\"plakat_lebowski_en\"\n               class=\"ngg-simplelightbox\" rel=\"d30fc8d7c11f8c2f41a48abc4bf64cd2\">\n                <img\n                    title=\"plakat_lebowski_EN\"\n                    alt=\"plakat_lebowski_EN\"\n                    src=\"https:\/\/mucholibre.com\/wp-content\/gallery\/nagyon-szabad-arukeszlet-poszter\/cache\/plakat_lebowski_EN.jpg-nggid0264-ngg0dyn-416x416x100-00f0w010c011r110f110r010t010.jpg\"\n                    width=\"416\"\n                    height=\"416\"\n                    style=\"max-width:100%;\"\n                \/>\n            <\/a>\n        <\/div>\n\t\t\t\t\t\t\t<\/div> \n\t\t\t\n\t\n\t<br style=\"clear: both\" \/>\n\n\t\n\t\t<!-- Pagination -->\n\t<div class='ngg-clear'><\/div>\t<\/div>\n\n<\/div>\n<\/div>\n\n\n\n<div class=\"row\">\n<div class=\"col square col-12 col-xl-6\">\n<!-- default-view.php -->\n<div\n\tclass=\"ngg-galleryoverview default-view\"\n\tid=\"ngg-gallery-2b6801240868cab21a0134754ae50111-1\">\n\n\t\t<!-- Thumbnails -->\n\t\t\t\t<div id=\"ngg-image-0\" class=\"ngg-gallery-thumbnail-box\" >\n\t\t\t\t        <div class=\"ngg-gallery-thumbnail\">\n            <a href=\"https:\/\/mucholibre.com\/wp-content\/gallery\/nagyon-szabad-arukeszlet-kiegeszitok\/jewellry.jpg\"\n               title=\"\"\n               data-src=\"https:\/\/mucholibre.com\/wp-content\/gallery\/nagyon-szabad-arukeszlet-kiegeszitok\/jewellry.jpg\"\n               data-thumbnail=\"https:\/\/mucholibre.com\/wp-content\/gallery\/nagyon-szabad-arukeszlet-kiegeszitok\/thumbs\/thumbs_jewellry.jpg\"\n               data-image-id=\"65\"\n               data-title=\"jewellry\"\n               data-description=\"\"\n               data-image-slug=\"jewellry\"\n               class=\"ngg-simplelightbox\" rel=\"2b6801240868cab21a0134754ae50111\">\n                <img\n                    title=\"jewellry\"\n                    alt=\"jewellry\"\n                    src=\"https:\/\/mucholibre.com\/wp-content\/gallery\/nagyon-szabad-arukeszlet-kiegeszitok\/cache\/jewellry.jpg-nggid0265-ngg0dyn-416x416x100-00f0w010c011r110f110r010t010.jpg\"\n                    width=\"416\"\n                    height=\"416\"\n                    style=\"max-width:100%;\"\n                \/>\n            <\/a>\n        <\/div>\n\t\t\t\t\t\t\t<\/div> \n\t\t\t\n\t\n\t<br style=\"clear: both\" \/>\n\n\t\n\t\t<!-- Pagination -->\n\t<div class='ngg-clear'><\/div>\t<\/div>\n\n<\/div>\n\n\n\n<div class=\"col square col-12 col-xl-6\">\n<div class=\"wp-block-group content\"><div class=\"wp-block-group__inner-container is-layout-flow wp-block-group-is-layout-flow\">\n<h2 class=\"wp-block-heading\">Accessories<\/h2>\n\n\n\n<p>Solyana \u00e9s a\u00a0<a href=\"https:\/\/mucholibre.com\/en\/\" target=\"_blank\" rel=\"noreferrer noopener\">Mucho Libre<\/a>\u00a0egy\u00fcttm\u0171k\u00f6d\u00e9s\u00e9nek eredm\u00e9nye a fiatalos \u00e9let\u00e9rz\u00e9snek, megf\u0171szerezve a Mucho Libre st\u00edlusjegyekkel.\u00a0Min\u0151s\u00e9gi alapanyagokb\u00f3l, szem\u00e9lyre szabva k\u00e9sz\u00fclnek, sterling ez\u00fcst, sz\u00ednes ker\u00e1mi\u00e1b\u00f3l \u00e9s k\u00fcl\u00f6nb\u00f6z\u0151 sz\u00edn\u0171 fonott kark\u00f6t\u0151kkel teheti egyediv\u00e9 a v\u00e1lasztott \u00e9kszert.<\/p>\n\n\n\n<p class=\"has-medium-font-size\"><span style=\"color:#eb2727\" class=\"has-inline-color\"><strong>3800 Ft-t\u00f3l<\/strong><\/span><\/p>\n\n\n\n<a class=\"btn btn-primary\" href=\"https:\/\/www.solyanajewellery.com\/#solyana-mucho-libre-kollekcio\" target=\"_blank\" role=\"button\" rel=\"noopener noreferrer\">megn\u00e9zem<\/a>\n\n\n\n<p><\/p>\n<\/div><\/div>\n\n\n\n<p><\/p>\n<\/div>\n<\/div>","protected":false},"excerpt":{"rendered":"","protected":false},"author":1,"featured_media":0,"parent":0,"menu_order":0,"comment_status":"closed","ping_status":"closed","template":"","meta":{"gtb_hide_title":true,"gtb_wrap_title":false,"gtb_class_title":"","gtb_remove_headerfooter":false,"ngg_post_thumbnail":0,"footnotes":""},"class_list":["post-389","page","type-page","status-publish","hentry"],"_links":{"self":[{"href":"https:\/\/mucholibre.com\/en\/wp-json\/wp\/v2\/pages\/389","targetHints":{"allow":["GET"]}}],"collection":[{"href":"https:\/\/mucholibre.com\/en\/wp-json\/wp\/v2\/pages"}],"about":[{"href":"https:\/\/mucholibre.com\/en\/wp-json\/wp\/v2\/types\/page"}],"author":[{"embeddable":true,"href":"https:\/\/mucholibre.com\/en\/wp-json\/wp\/v2\/users\/1"}],"replies":[{"embeddable":true,"href":"https:\/\/mucholibre.com\/en\/wp-json\/wp\/v2\/comments?post=389"}],"version-history":[{"count":32,"href":"https:\/\/mucholibre.com\/en\/wp-json\/wp\/v2\/pages\/389\/revisions"}],"predecessor-version":[{"id":453,"href":"https:\/\/mucholibre.com\/en\/wp-json\/wp\/v2\/pages\/389\/revisions\/453"}],"wp:attachment":[{"href":"https:\/\/mucholibre.com\/en\/wp-json\/wp\/v2\/media?parent=389"}],"curies":[{"name":"wp","href":"https:\/\/api.w.org\/{rel}","templated":true}]}}